{"id":630,"date":"2021-09-01T22:27:54","date_gmt":"2021-09-01T10:27:54","guid":{"rendered":"https:\/\/worldangussecretariat.com\/hogar\/"},"modified":"2025-06-05T11:57:51","modified_gmt":"2025-06-04T23:57:51","slug":"hogar","status":"publish","type":"page","link":"https:\/\/worldangussecretariat.com\/es\/","title":{"rendered":"Inicio"},"content":{"rendered":"\n<div class=\"wp-block-cover alignfull coblocks-animate\" style=\"min-height:650px;aspect-ratio:unset;\" data-coblocks-animation=\"slideInBottom\"><img data-recalc-dims=\"1\" loading=\"lazy\" decoding=\"async\" width=\"760\" height=\"307\" class=\"wp-block-cover__image-background wp-image-881\" alt=\"\" src=\"https:\/\/i0.wp.com\/worldangussecretariat.com\/wp-content\/uploads\/2021\/09\/crop-0-0-2976-1202-0-SiteHeaderImage.jpg?resize=760%2C307&#038;ssl=1\" style=\"object-position:50% 91%\" data-object-fit=\"cover\" data-object-position=\"50% 91%\" srcset=\"https:\/\/i0.wp.com\/worldangussecretariat.com\/wp-content\/uploads\/2021\/09\/crop-0-0-2976-1202-0-SiteHeaderImage.jpg?w=2976&amp;ssl=1 2976w, https:\/\/i0.wp.com\/worldangussecretariat.com\/wp-content\/uploads\/2021\/09\/crop-0-0-2976-1202-0-SiteHeaderImage.jpg?resize=300%2C121&amp;ssl=1 300w, https:\/\/i0.wp.com\/worldangussecretariat.com\/wp-content\/uploads\/2021\/09\/crop-0-0-2976-1202-0-SiteHeaderImage.jpg?resize=1024%2C414&amp;ssl=1 1024w, https:\/\/i0.wp.com\/worldangussecretariat.com\/wp-content\/uploads\/2021\/09\/crop-0-0-2976-1202-0-SiteHeaderImage.jpg?resize=768%2C310&amp;ssl=1 768w, https:\/\/i0.wp.com\/worldangussecretariat.com\/wp-content\/uploads\/2021\/09\/crop-0-0-2976-1202-0-SiteHeaderImage.jpg?resize=1536%2C620&amp;ssl=1 1536w, https:\/\/i0.wp.com\/worldangussecretariat.com\/wp-content\/uploads\/2021\/09\/crop-0-0-2976-1202-0-SiteHeaderImage.jpg?resize=2048%2C827&amp;ssl=1 2048w, https:\/\/i0.wp.com\/worldangussecretariat.com\/wp-content\/uploads\/2021\/09\/crop-0-0-2976-1202-0-SiteHeaderImage.jpg?resize=1200%2C485&amp;ssl=1 1200w, https:\/\/i0.wp.com\/worldangussecretariat.com\/wp-content\/uploads\/2021\/09\/crop-0-0-2976-1202-0-SiteHeaderImage.jpg?resize=640%2C258&amp;ssl=1 640w, https:\/\/i0.wp.com\/worldangussecretariat.com\/wp-content\/uploads\/2021\/09\/crop-0-0-2976-1202-0-SiteHeaderImage.jpg?w=2280&amp;ssl=1 2280w\" sizes=\"auto, (max-width: 760px) 100vw, 760px\" \/><span aria-hidden=\"true\" class=\"wp-block-cover__background has-background-dim-60 has-background-dim\"><\/span><div class=\"wp-block-cover__inner-container is-layout-flow wp-block-cover-is-layout-flow\">\n<h1 class=\"wp-block-heading has-text-align-center\"><mark style=\"background-color:rgba(0, 0, 0, 0)\" class=\"has-inline-color has-white-color\">Secretar\u00eda Mundial del Angus<\/mark><\/h1>\n\n\n\n<p class=\"wp-block-paragraph\"><\/p>\n<\/div><\/div>\n\n<div class=\"wp-block-cover alignfull is-light\" style=\"min-height:431px;aspect-ratio:unset;\"><span aria-hidden=\"true\" class=\"wp-block-cover__background has-white-background-color has-background-dim-100 has-background-dim\"><\/span><div class=\"wp-block-cover__inner-container is-layout-flow wp-block-cover-is-layout-flow\">\n<div class=\"wp-block-jetpack-layout-grid alignfull column1-desktop-grid__span-10 column1-desktop-grid__start-2 column1-desktop-grid__row-1 column1-tablet-grid__span-8 column1-tablet-grid__row-1 column1-mobile-grid__span-4 column1-mobile-grid__row-1\">\n<div class=\"wp-block-jetpack-layout-grid-column wp-block-jetpack-layout-grid__padding-none\">\n<h3 class=\"wp-block-heading has-text-align-center has-black-color has-text-color\">Una visi\u00f3n global<\/h3>\n\n\n\n<p class=\"wp-block-paragraph\"><\/p>\n\n\n\n<p class=\"has-text-align-center has-normal-font-size wp-block-paragraph\"><mark style=\"background-color:rgba(0, 0, 0, 0)\" class=\"has-inline-color has-black-color\">La Secretar\u00eda Mundial del Angus se cre\u00f3 en 1969 para facilitar el intercambio de informaci\u00f3n entre las distintas Sociedades\/Asociaciones Angus del mundo. En esa reuni\u00f3n se acord\u00f3 claramente que la Secretar\u00eda Mundial del Angus s\u00f3lo pod\u00eda recomendar acciones a los \u00f3rganos de gobierno de sus respectivas Sociedades\/Asociaciones del Angus.  <\/mark><br\/><br\/><mark style=\"background-color:rgba(0, 0, 0, 0)\" class=\"has-inline-color has-black-color\">Desde su creaci\u00f3n, la Secretar\u00eda Mundial de Angus ha debatido una amplia gama de temas y ha acordado un n\u00famero considerable de recomendaciones para sus miembros constituyentes.  <\/mark><\/p>\n<\/div>\n<\/div>\n\n\n\n<p class=\"wp-block-paragraph\"><\/p>\n<\/div><\/div>\n\n<h3 class=\"wp-block-heading has-text-align-center\">Pr\u00f3ximo acontecimiento<\/h3>\n\n<h6 class=\"wp-block-heading has-text-align-center\"><strong>Reuni\u00f3n del Secretariado Mundial, Brasil 2027<\/strong><\/h6>\n\n<figure class=\"wp-block-video wp-block-embed is-type-video is-provider-videopress\"><div class=\"wp-block-embed__wrapper\">\n<iframe title=\"VideoPress Video Player\" aria-label='VideoPress Video Player' width='760' height='428' src='https:\/\/videopress.com\/embed\/P35kfjvX?cover=1&amp;posterUrl=https%3A%2F%2Fworldangussecretariat.com%2Fwp-content%2Fuploads%2F2025%2F06%2Fvt-brazil-angus-secretariado_angus_2027.1_mov_std.original.jpg&amp;preloadContent=metadata&amp;useAverageColor=1&amp;hd=0' frameborder='0' allowfullscreen data-resize-to-parent=\"true\" allow='clipboard-write'><\/iframe><script src='https:\/\/v0.wordpress.com\/js\/next\/videopress-iframe.js?m=1739540970'><\/script>\n<\/div><\/figure>\n\n<div class=\"wp-block-group alignfull has-foreground-color has-background-background-color has-text-color has-background\"><div class=\"wp-block-group__inner-container is-layout-flow wp-block-group-is-layout-flow\">\n<div style=\"height:57px\" aria-hidden=\"true\" class=\"wp-block-spacer\"><\/div>\n\n\n\n<p class=\"wp-block-paragraph\"><\/p>\n<\/div><\/div>\n\n<div class=\"wp-block-media-text alignfull is-stacked-on-mobile is-vertically-aligned-center has-foreground-background-color has-background coblocks-animate\" data-coblocks-animation=\"fadeIn\"><figure class=\"wp-block-media-text__media\"><img data-recalc-dims=\"1\" loading=\"lazy\" decoding=\"async\" width=\"760\" height=\"390\" src=\"https:\/\/i0.wp.com\/worldangussecretariat.com\/wp-content\/uploads\/2021\/09\/flags.jpg?resize=760%2C390&#038;ssl=1\" alt=\"\" class=\"wp-image-872 size-full\" srcset=\"https:\/\/i0.wp.com\/worldangussecretariat.com\/wp-content\/uploads\/2021\/09\/flags.jpg?resize=1024%2C526&amp;ssl=1 1024w, https:\/\/i0.wp.com\/worldangussecretariat.com\/wp-content\/uploads\/2021\/09\/flags.jpg?resize=300%2C154&amp;ssl=1 300w, https:\/\/i0.wp.com\/worldangussecretariat.com\/wp-content\/uploads\/2021\/09\/flags.jpg?resize=768%2C395&amp;ssl=1 768w, https:\/\/i0.wp.com\/worldangussecretariat.com\/wp-content\/uploads\/2021\/09\/flags.jpg?resize=1536%2C790&amp;ssl=1 1536w, https:\/\/i0.wp.com\/worldangussecretariat.com\/wp-content\/uploads\/2021\/09\/flags.jpg?resize=1200%2C617&amp;ssl=1 1200w, https:\/\/i0.wp.com\/worldangussecretariat.com\/wp-content\/uploads\/2021\/09\/flags.jpg?resize=640%2C329&amp;ssl=1 640w, https:\/\/i0.wp.com\/worldangussecretariat.com\/wp-content\/uploads\/2021\/09\/flags.jpg?w=2000&amp;ssl=1 2000w\" sizes=\"auto, (max-width: 760px) 100vw, 760px\" \/><\/figure><div class=\"wp-block-media-text__content\">\n<div style=\"height:15px\" aria-hidden=\"true\" class=\"wp-block-spacer\"><\/div>\n\n\n\n<div style=\"height:15px\" aria-hidden=\"true\" class=\"wp-block-spacer\"><\/div>\n\n\n\n<h3 class=\"wp-block-heading has-text-align-center\">Nuestros miembros<\/h3>\n\n\n\n<p class=\"has-text-align-center has-normal-font-size wp-block-paragraph\">La Secretar\u00eda Mundial del Angus est\u00e1 formada por 29 miembros de todo el mundo.<\/p>\n\n\n\n<div class=\"wp-block-buttons is-horizontal is-content-justification-center is-layout-flex wp-container-core-buttons-is-layout-7d812b4c wp-block-buttons-is-layout-flex\">\n<div class=\"wp-block-button is-style-fill\"><a class=\"wp-block-button__link has-white-color has-text-color has-background wp-element-button\" href=\"https:\/\/worldangussecretariat.com\/es\/miembros\/\" style=\"background-color:#2e65a0\">ver miembros<\/a><\/div>\n<\/div>\n\n\n\n<div style=\"height:15px\" aria-hidden=\"true\" class=\"wp-block-spacer\"><\/div>\n\n\n\n<p class=\"wp-block-paragraph\"><\/p>\n<\/div><\/div>\n\n<div class=\"wp-block-group alignfull has-background-background-color has-background\"><div class=\"wp-block-group__inner-container is-layout-flow wp-block-group-is-layout-flow\">\n<div style=\"height:10px\" aria-hidden=\"true\" class=\"wp-block-spacer\"><\/div>\n\n\n\n<div style=\"height:100px\" aria-hidden=\"true\" class=\"wp-block-spacer\"><\/div>\n\n\n\n<div class=\"wp-block-columns alignwide are-vertically-aligned-center is-layout-flex wp-container-core-columns-is-layout-8f761849 wp-block-columns-is-layout-flex\">\n<div class=\"wp-block-column is-vertically-aligned-center is-layout-flow wp-block-column-is-layout-flow\" style=\"flex-basis:33%\">\n<div style=\"height:20px\" aria-hidden=\"true\" class=\"wp-block-spacer\"><\/div>\n\n\n\n<div style=\"height:20px\" aria-hidden=\"true\" class=\"wp-block-spacer\"><\/div>\n\n\n\n<h3 class=\"wp-block-heading has-text-align-center\">Eventos pasados<\/h3>\n\n\n\n<p class=\"has-text-align-center has-normal-font-size wp-block-paragraph\">El Foro Mundial Angus y las Reuniones T\u00e9cnicas se celebran en todo el mundo desde 1969.<\/p>\n\n\n\n<div class=\"wp-block-buttons is-horizontal is-content-justification-center is-layout-flex wp-container-core-buttons-is-layout-7d812b4c wp-block-buttons-is-layout-flex\">\n<div class=\"wp-block-button is-style-fill\"><a class=\"wp-block-button__link has-white-color has-text-color has-background wp-element-button\" href=\"https:\/\/worldangussecretariat.com\/es\/past-events\/\" style=\"background-color:#2e65a0\">Leer m\u00e1s<\/a><\/div>\n<\/div>\n<\/div>\n\n\n\n<div class=\"wp-block-column is-vertically-aligned-center is-layout-flow wp-block-column-is-layout-flow\" style=\"flex-basis:67%\">\n<figure class=\"wp-block-gallery has-nested-images columns-3 is-cropped coblocks-animate wp-block-gallery-1 is-layout-flex wp-block-gallery-is-layout-flex\" data-coblocks-animation=\"fadeIn\">\n<figure class=\"wp-block-image size-large\"><img data-recalc-dims=\"1\" loading=\"lazy\" decoding=\"async\" width=\"760\" height=\"507\" data-id=\"178\" src=\"https:\/\/i0.wp.com\/worldangussecretariat.com\/wp-content\/uploads\/2021\/08\/ireland1.jpg?resize=760%2C507&#038;ssl=1\" alt=\"\" class=\"wp-image-178\"\/><figcaption class=\"wp-element-caption\">IRLANDA<\/figcaption><\/figure>\n\n\n\n<figure class=\"wp-block-image size-large\"><img data-recalc-dims=\"1\" loading=\"lazy\" decoding=\"async\" width=\"760\" height=\"507\" data-id=\"181\" src=\"https:\/\/i0.wp.com\/worldangussecretariat.com\/wp-content\/uploads\/2021\/08\/scotland3.jpg?resize=760%2C507&#038;ssl=1\" alt=\"\" class=\"wp-image-181\"\/><figcaption class=\"wp-element-caption\">ESCOCIA<\/figcaption><\/figure>\n\n\n\n<figure class=\"wp-block-image size-large\"><img data-recalc-dims=\"1\" loading=\"lazy\" decoding=\"async\" width=\"760\" height=\"507\" data-id=\"180\" src=\"https:\/\/i0.wp.com\/worldangussecretariat.com\/wp-content\/uploads\/2021\/08\/uruguay1.jpg?resize=760%2C507&#038;ssl=1\" alt=\"\" class=\"wp-image-180\"\/><figcaption class=\"wp-element-caption\">URUGUAY<\/figcaption><\/figure>\n\n\n\n<figure class=\"wp-block-image size-large\"><img data-recalc-dims=\"1\" loading=\"lazy\" decoding=\"async\" width=\"760\" height=\"507\" data-id=\"185\" src=\"https:\/\/i0.wp.com\/worldangussecretariat.com\/wp-content\/uploads\/2021\/08\/newzealand2.jpg?resize=760%2C507&#038;ssl=1\" alt=\"\" class=\"wp-image-185\"\/><figcaption class=\"wp-element-caption\">NUEVA ZELANDA<\/figcaption><\/figure>\n\n\n\n<figure class=\"wp-block-image size-large\"><img data-recalc-dims=\"1\" loading=\"lazy\" decoding=\"async\" width=\"760\" height=\"507\" data-id=\"187\" src=\"https:\/\/i0.wp.com\/worldangussecretariat.com\/wp-content\/uploads\/2021\/08\/canada1.jpg?resize=760%2C507&#038;ssl=1\" alt=\"\" class=\"wp-image-187\"\/><figcaption class=\"wp-element-caption\">CANAD\u00c1<\/figcaption><\/figure>\n\n\n\n<figure class=\"wp-block-image size-large\"><img data-recalc-dims=\"1\" loading=\"lazy\" decoding=\"async\" width=\"760\" height=\"507\" data-id=\"182\" src=\"https:\/\/i0.wp.com\/worldangussecretariat.com\/wp-content\/uploads\/2021\/08\/argentina1.jpg?resize=760%2C507&#038;ssl=1\" alt=\"\" class=\"wp-image-182\"\/><figcaption class=\"wp-element-caption\">ARGENTINA<\/figcaption><\/figure>\n<\/figure>\n\n\n\n<p class=\"wp-block-paragraph\"><\/p>\n<\/div>\n<\/div>\n\n\n\n<div style=\"height:100px\" aria-hidden=\"true\" class=\"wp-block-spacer\"><\/div>\n\n\n\n<div class=\"wp-block-media-text alignwide is-stacked-on-mobile coblocks-animate\" data-coblocks-animation=\"fadeIn\"><figure class=\"wp-block-media-text__media\"><img data-recalc-dims=\"1\" loading=\"lazy\" decoding=\"async\" width=\"760\" height=\"350\" src=\"https:\/\/i0.wp.com\/worldangussecretariat.com\/wp-content\/uploads\/2021\/08\/Cancelled-WAFheader.jpg?resize=760%2C350&#038;ssl=1\" alt=\"\" class=\"wp-image-570 size-large\" srcset=\"https:\/\/i0.wp.com\/worldangussecretariat.com\/wp-content\/uploads\/2021\/08\/Cancelled-WAFheader.jpg?resize=1024%2C471&amp;ssl=1 1024w, https:\/\/i0.wp.com\/worldangussecretariat.com\/wp-content\/uploads\/2021\/08\/Cancelled-WAFheader.jpg?resize=300%2C138&amp;ssl=1 300w, https:\/\/i0.wp.com\/worldangussecretariat.com\/wp-content\/uploads\/2021\/08\/Cancelled-WAFheader.jpg?resize=768%2C353&amp;ssl=1 768w, https:\/\/i0.wp.com\/worldangussecretariat.com\/wp-content\/uploads\/2021\/08\/Cancelled-WAFheader.jpg?resize=1536%2C707&amp;ssl=1 1536w, https:\/\/i0.wp.com\/worldangussecretariat.com\/wp-content\/uploads\/2021\/08\/Cancelled-WAFheader.jpg?resize=2048%2C942&amp;ssl=1 2048w, https:\/\/i0.wp.com\/worldangussecretariat.com\/wp-content\/uploads\/2021\/08\/Cancelled-WAFheader.jpg?resize=1200%2C552&amp;ssl=1 1200w, https:\/\/i0.wp.com\/worldangussecretariat.com\/wp-content\/uploads\/2021\/08\/Cancelled-WAFheader.jpg?resize=640%2C295&amp;ssl=1 640w, https:\/\/i0.wp.com\/worldangussecretariat.com\/wp-content\/uploads\/2021\/08\/Cancelled-WAFheader.jpg?w=2280&amp;ssl=1 2280w\" sizes=\"auto, (max-width: 760px) 100vw, 760px\" \/><\/figure><div class=\"wp-block-media-text__content\">\n<div style=\"height:20px\" aria-hidden=\"true\" class=\"wp-block-spacer\"><\/div>\n\n\n\n<h3 class=\"wp-block-heading has-text-align-center\">Noticias mundiales sobre Angus<\/h3>\n\n\n\n<p class=\"has-text-align-center has-normal-font-size wp-block-paragraph\">Las \u00faltimas noticias e informaci\u00f3n de la Secretar\u00eda Mundial del Angus, incluidas las contribuciones de nuestros miembros mundiales.<\/p>\n\n\n\n<div class=\"wp-block-buttons is-horizontal is-content-justification-center is-layout-flex wp-container-core-buttons-is-layout-7d812b4c wp-block-buttons-is-layout-flex\">\n<div class=\"wp-block-button is-style-fill\"><a class=\"wp-block-button__link has-white-color has-text-color has-background wp-element-button\" href=\"https:\/\/worldangussecretariat.com\/es\/noticias\/\" style=\"background-color:#2e65a0\">haz clic aqu\u00ed<\/a><\/div>\n<\/div>\n\n\n\n<div style=\"height:20px\" aria-hidden=\"true\" class=\"wp-block-spacer\"><\/div>\n<\/div><\/div>\n<\/div><\/div>\n\n<div style=\"height:100px\" aria-hidden=\"true\" class=\"wp-block-spacer\"><\/div>\n\n<div class=\"wp-block-media-text alignfull has-media-on-the-right is-stacked-on-mobile is-vertically-aligned-center has-foreground-background-color has-background coblocks-animate\" data-coblocks-animation=\"fadeIn\"><div class=\"wp-block-media-text__content\">\n<p class=\"wp-block-paragraph\"><\/p>\n\n\n\n<div style=\"height:20px\" aria-hidden=\"true\" class=\"wp-block-spacer\"><\/div>\n\n\n\n<h3 class=\"wp-block-heading has-text-align-center\">C\u00f3digo de buenas pr\u00e1cticas&#8230;<\/h3>\n\n\n\n<p class=\"has-text-align-center has-normal-font-size wp-block-paragraph\">Con el aumento de la transferencia internacional de gen\u00e9tica Angus en todo el mundo, las Sociedades\/Asociaciones Angus dependen cada vez m\u00e1s de sus colegas miembros de la Secretar\u00eda Mundial del Angus para obtener informaci\u00f3n precisa sobre el registro, ya que son la autoridad reconocida sobre la pureza de la gen\u00e9tica Angus en el pa\u00eds exportador. Esta dependencia sugiere que las Sociedades\/Asociaciones necesitan protocolos acordados para el mantenimiento de los registros geneal\u00f3gicos y el intercambio de gen\u00e9tica Angus en todo el mundo&#8230;<\/p>\n\n\n\n<div class=\"wp-block-buttons is-horizontal is-content-justification-center is-layout-flex wp-container-core-buttons-is-layout-7d812b4c wp-block-buttons-is-layout-flex\">\n<div class=\"wp-block-button is-style-fill\"><a class=\"wp-block-button__link has-white-color has-text-color has-background wp-element-button\" href=\"https:\/\/worldangussecretariat.com\/es\/codigo-de-practicas\/\" style=\"background-color:#2e65a0\">leer en su totalidad<\/a><\/div>\n<\/div>\n\n\n\n<div style=\"height:20px\" aria-hidden=\"true\" class=\"wp-block-spacer\"><\/div>\n<\/div><figure class=\"wp-block-media-text__media\"><img data-recalc-dims=\"1\" loading=\"lazy\" decoding=\"async\" width=\"760\" height=\"472\" src=\"https:\/\/i0.wp.com\/worldangussecretariat.com\/wp-content\/uploads\/2021\/08\/wascodeofpractice2000.jpg?resize=760%2C472&#038;ssl=1\" alt=\"\" class=\"wp-image-65 size-full\"\/><\/figure><\/div>\n\n<div style=\"height:100px\" aria-hidden=\"true\" class=\"wp-block-spacer\"><\/div>\n\n<div class=\"wp-block-cover alignfull coblocks-animate\" style=\"min-height:612px;aspect-ratio:unset;\" data-coblocks-animation=\"slideInBottom\"><img data-recalc-dims=\"1\" loading=\"lazy\" decoding=\"async\" width=\"760\" height=\"489\" class=\"wp-block-cover__image-background wp-image-69\" alt=\"\" src=\"https:\/\/worldangussecretariat.files.wordpress.com\/2021\/08\/articles2000.jpg?resize=760%2C489\" style=\"object-position:50% 44%\" data-object-fit=\"cover\" data-object-position=\"50% 44%\"\/><span aria-hidden=\"true\" class=\"wp-block-cover__background has-background-dim-60 has-background-dim\" style=\"background-color:#000000\"><\/span><div class=\"wp-block-cover__inner-container is-layout-flow wp-block-cover-is-layout-flow\">\n<h3 class=\"wp-block-heading has-text-align-center\"><mark style=\"background-color:rgba(0, 0, 0, 0)\" class=\"has-inline-color has-white-color\">Estatutos<\/mark><\/h3>\n\n\n\n<div class=\"wp-block-buttons is-horizontal is-content-justification-center is-layout-flex wp-container-core-buttons-is-layout-7d812b4c wp-block-buttons-is-layout-flex\">\n<div class=\"wp-block-button is-style-fill\"><a class=\"wp-block-button__link has-white-color has-text-color has-background wp-element-button\" href=\"https:\/\/worldangussecretariat.com\/es\/estatutos\/\" style=\"background-color:#2e65a0\">Leer todo<\/a><\/div>\n<\/div>\n<\/div><\/div>\n\n<p class=\"wp-block-paragraph\"><\/p>\n","protected":false},"excerpt":{"rendered":"<p>Pr\u00f3ximo acontecimiento Reuni\u00f3n del Secretariado Mundial, Brasil 2027 Eventos pasados El Foro Mundial Angus y las Reuniones T\u00e9cnicas se celebran en todo el mundo desde 1969. Noticias mundiales sobre Angus Las \u00faltimas noticias e informaci\u00f3n de la Secretar\u00eda Mundial del Angus, incluidas las contribuciones de nuestros miembros mundiales.<\/p>\n","protected":false},"author":119894964,"featured_media":0,"parent":0,"menu_order":0,"comment_status":"closed","ping_status":"closed","template":"","meta":{"_coblocks_attr":"","_coblocks_dimensions":"","_coblocks_responsive_height":"","_coblocks_accordion_ie_support":"","_crdt_document":"","advanced_seo_description":"","jetpack_seo_html_title":"","jetpack_seo_noindex":false,"footnotes":""},"class_list":["post-630","page","type-page","status-publish","hentry"],"jetpack_likes_enabled":false,"jetpack_sharing_enabled":true,"jetpack_shortlink":"https:\/\/wp.me\/PdiENx-aa","amp_enabled":false,"_links":{"self":[{"href":"https:\/\/worldangussecretariat.com\/es\/wp-json\/wp\/v2\/pages\/630","targetHints":{"allow":["GET"]}}],"collection":[{"href":"https:\/\/worldangussecretariat.com\/es\/wp-json\/wp\/v2\/pages"}],"about":[{"href":"https:\/\/worldangussecretariat.com\/es\/wp-json\/wp\/v2\/types\/page"}],"author":[{"embeddable":true,"href":"https:\/\/worldangussecretariat.com\/es\/wp-json\/wp\/v2\/users\/119894964"}],"replies":[{"embeddable":true,"href":"https:\/\/worldangussecretariat.com\/es\/wp-json\/wp\/v2\/comments?post=630"}],"version-history":[{"count":33,"href":"https:\/\/worldangussecretariat.com\/es\/wp-json\/wp\/v2\/pages\/630\/revisions"}],"predecessor-version":[{"id":1977,"href":"https:\/\/worldangussecretariat.com\/es\/wp-json\/wp\/v2\/pages\/630\/revisions\/1977"}],"wp:attachment":[{"href":"https:\/\/worldangussecretariat.com\/es\/wp-json\/wp\/v2\/media?parent=630"}],"curies":[{"name":"wp","href":"https:\/\/api.w.org\/{rel}","templated":true}]}}