{"id":661,"date":"2021-09-01T22:55:56","date_gmt":"2021-09-01T10:55:56","guid":{"rendered":"https:\/\/worldangussecretariat.com\/noticias\/"},"modified":"2021-09-01T22:55:57","modified_gmt":"2021-09-01T10:55:57","slug":"noticias","status":"publish","type":"page","link":"https:\/\/worldangussecretariat.com\/es\/noticias\/","title":{"rendered":"Noticias"},"content":{"rendered":"\n<div class=\"wp-block-group alignfull has-background-background-color has-background\"><div class=\"wp-block-group__inner-container is-layout-flow wp-block-group-is-layout-flow\">\n<div class=\"wp-block-jetpack-layout-grid alignfull column1-desktop-grid__span-8 column1-desktop-grid__start-3 column1-desktop-grid__row-1 column1-tablet-grid__span-8 column1-tablet-grid__row-1 column1-mobile-grid__span-4 column1-mobile-grid__row-1\">\n<div class=\"wp-block-jetpack-layout-grid-column wp-block-jetpack-layout-grid__padding-none\">\n<div class=\"wp-block-image is-style-default\"><figure class=\"aligncenter size-full is-resized\"><img data-recalc-dims=\"1\" loading=\"lazy\" decoding=\"async\" data-attachment-id=\"663\" data-permalink=\"https:\/\/worldangussecretariat.com\/es\/world_angus_secretariat_logo\/\" data-orig-file=\"https:\/\/i0.wp.com\/worldangussecretariat.com\/wp-content\/uploads\/2021\/08\/world_angus_secretariat_logo-1.png?fit=800%2C192&amp;ssl=1\" data-orig-size=\"800,192\" data-comments-opened=\"1\" data-image-meta=\"{&quot;aperture&quot;:&quot;0&quot;,&quot;credit&quot;:&quot;&quot;,&quot;camera&quot;:&quot;&quot;,&quot;caption&quot;:&quot;&quot;,&quot;created_timestamp&quot;:&quot;0&quot;,&quot;copyright&quot;:&quot;&quot;,&quot;focal_length&quot;:&quot;0&quot;,&quot;iso&quot;:&quot;0&quot;,&quot;shutter_speed&quot;:&quot;0&quot;,&quot;title&quot;:&quot;&quot;,&quot;orientation&quot;:&quot;0&quot;}\" data-image-title=\"World_Angus_Secretariat_logo\" data-image-description=\"\" data-image-caption=\"\" data-medium-file=\"https:\/\/i0.wp.com\/worldangussecretariat.com\/wp-content\/uploads\/2021\/08\/world_angus_secretariat_logo-1.png?fit=300%2C72&amp;ssl=1\" data-large-file=\"https:\/\/i0.wp.com\/worldangussecretariat.com\/wp-content\/uploads\/2021\/08\/world_angus_secretariat_logo-1.png?fit=760%2C182&amp;ssl=1\" src=\"https:\/\/i0.wp.com\/worldangussecretariat.com\/wp-content\/uploads\/2021\/08\/world_angus_secretariat_logo-1.png?resize=400%2C96&#038;ssl=1\" alt=\"\" class=\"wp-image-663\" width=\"400\" height=\"96\"\/><\/figure><\/div>\n\n\n\n<h2 class=\"has-text-align-center wp-block-heading\">Las \u00faltimas noticias mundiales de Angus<\/h2>\n<\/div>\n<\/div>\n\n\n\n<div style=\"height:70px\" aria-hidden=\"true\" class=\"wp-block-spacer\"><\/div>\n\n\n\n<div style=\"height:30px\" aria-hidden=\"true\" class=\"wp-block-spacer\"><\/div>\n<\/div><\/div>\n\n<div class=\"wp-block-group alignfull has-background-background-color has-background\"><div class=\"wp-block-group__inner-container is-layout-flow wp-block-group-is-layout-flow\">\n<div class=\"wp-block-jetpack-layout-grid alignfull column1-desktop-grid__span-10 column1-desktop-grid__start-2 column1-desktop-grid__row-1 column1-tablet-grid__span-8 column1-tablet-grid__row-1 column1-mobile-grid__span-4 column1-mobile-grid__row-1\">\n<div class=\"wp-block-jetpack-layout-grid-column wp-block-jetpack-layout-grid__padding-none\">\t<div\n\t\tclass=\"wp-block-newspack-blocks-homepage-articles  wpnbha show-image image-alignleft ts-4 is-3 is-uncropped  has-text-align-left\"\n\t\tstyle=\"\"\n\t\t>\n\t\t\t\t\t<style id=\"newspack-blocks-inline-css\" type=\"text\/css\">\t\t.wp-block-newspack-blocks-homepage-articles article .entry-title {\n\t\t\tfont-size: 1.2em;\n\t\t}\n\t\t.wp-block-newspack-blocks-homepage-articles .entry-meta {\n\t\t\tdisplay: flex;\n\t\t\tflex-wrap: wrap;\n\t\t\talign-items: center;\n\t\t\tmargin-top: 0.5em;\n\t\t}\n\t\t.wp-block-newspack-blocks-homepage-articles article .entry-meta {\n\t\t\tfont-size: 0.8em;\n\t\t}\n\t\t.wp-block-newspack-blocks-homepage-articles article .avatar {\n\t\t\theight: 25px;\n\t\t\twidth: 25px;\n\t\t}\n\t\t.wp-block-newspack-blocks-homepage-articles .post-thumbnail{\n\t\t\tmargin: 0;\n\t\t\tmargin-bottom: 0.25em;\n\t\t}\n\t\t.wp-block-newspack-blocks-homepage-articles .post-thumbnail img {\n\t\t\theight: auto;\n\t\t\twidth: 100%;\n\t\t}\n\t\t.wp-block-newspack-blocks-homepage-articles .post-thumbnail figcaption {\n\t\t\tmargin-bottom: 0.5em;\n\t\t}\n\t\t.wp-block-newspack-blocks-homepage-articles p {\n\t\t\tmargin: 0.5em 0;\n\t\t}\n\n\t\t\t<\/style>\n\t\t\t\t<div data-posts data-current-post-id=\"661\">\n\t\t\t\t\t\t\n\t<article data-post-id=\"1524\"\n\t\tclass=\"category-reunion-tecnica-mundial-de-angus type-post post-has-image\"\n\t\t\t\t>\n\t\t\t\t\t\t\t<figure class=\"post-thumbnail\">\n\t\t\t\t\t\t\t\t<a href=\"https:\/\/worldangussecretariat.com\/es\/2024\/01\/08\/a-global-celebration-of-the-angus-family\/\" rel=\"bookmark\" tabindex=\"-1\" aria-hidden=\"true\">\n\t\t\t\t\t\t\t\t\t\t\t\t<img loading=\"lazy\" decoding=\"async\" width=\"1200\" height=\"675\" src=\"https:\/\/i0.wp.com\/worldangussecretariat.com\/wp-content\/uploads\/2024\/01\/c387df_e65b325b2eb64d47bbc16974384a6173mv2.webp?fit=1200%2C675&amp;ssl=1\" class=\"attachment-newspack-article-block-uncropped size-newspack-article-block-uncropped wp-post-image\" alt=\"Celebraci\u00f3n mundial de la familia Angus\" data-hero-candidate=\"1\" srcset=\"https:\/\/i0.wp.com\/worldangussecretariat.com\/wp-content\/uploads\/2024\/01\/c387df_e65b325b2eb64d47bbc16974384a6173mv2.webp?w=1480&amp;ssl=1 1480w, https:\/\/i0.wp.com\/worldangussecretariat.com\/wp-content\/uploads\/2024\/01\/c387df_e65b325b2eb64d47bbc16974384a6173mv2.webp?resize=300%2C169&amp;ssl=1 300w, https:\/\/i0.wp.com\/worldangussecretariat.com\/wp-content\/uploads\/2024\/01\/c387df_e65b325b2eb64d47bbc16974384a6173mv2.webp?resize=1024%2C576&amp;ssl=1 1024w, https:\/\/i0.wp.com\/worldangussecretariat.com\/wp-content\/uploads\/2024\/01\/c387df_e65b325b2eb64d47bbc16974384a6173mv2.webp?resize=768%2C432&amp;ssl=1 768w, https:\/\/i0.wp.com\/worldangussecretariat.com\/wp-content\/uploads\/2024\/01\/c387df_e65b325b2eb64d47bbc16974384a6173mv2.webp?resize=1200%2C675&amp;ssl=1 1200w, https:\/\/i0.wp.com\/worldangussecretariat.com\/wp-content\/uploads\/2024\/01\/c387df_e65b325b2eb64d47bbc16974384a6173mv2.webp?resize=640%2C360&amp;ssl=1 640w\" sizes=\"auto, (max-width: 760px) 100vw, 760px\" data-attachment-id=\"1522\" data-permalink=\"https:\/\/worldangussecretariat.com\/es\/2024\/01\/08\/a-global-celebration-of-the-angus-family\/c387df_e65b325b2eb64d47bbc16974384a6173mv2-2\/\" data-orig-file=\"https:\/\/i0.wp.com\/worldangussecretariat.com\/wp-content\/uploads\/2024\/01\/c387df_e65b325b2eb64d47bbc16974384a6173mv2.webp?fit=1480%2C832&amp;ssl=1\" data-orig-size=\"1480,832\" data-comments-opened=\"1\" data-image-meta=\"{&quot;aperture&quot;:&quot;0&quot;,&quot;credit&quot;:&quot;&quot;,&quot;camera&quot;:&quot;&quot;,&quot;caption&quot;:&quot;&quot;,&quot;created_timestamp&quot;:&quot;0&quot;,&quot;copyright&quot;:&quot;&quot;,&quot;focal_length&quot;:&quot;0&quot;,&quot;iso&quot;:&quot;0&quot;,&quot;shutter_speed&quot;:&quot;0&quot;,&quot;title&quot;:&quot;&quot;,&quot;orientation&quot;:&quot;0&quot;}\" data-image-title=\"c387df_e65b325b2eb64d47bbc16974384a6173~mv2\" data-image-description=\"\" data-image-caption=\"\" data-medium-file=\"https:\/\/i0.wp.com\/worldangussecretariat.com\/wp-content\/uploads\/2024\/01\/c387df_e65b325b2eb64d47bbc16974384a6173mv2.webp?fit=300%2C169&amp;ssl=1\" data-large-file=\"https:\/\/i0.wp.com\/worldangussecretariat.com\/wp-content\/uploads\/2024\/01\/c387df_e65b325b2eb64d47bbc16974384a6173mv2.webp?fit=760%2C428&amp;ssl=1\" \/>\t\t\t\t\t\t\t\t\t\t\t\t<\/a>\n\t\t\t\t\n\t\t\t\t\t\t\t<\/figure><!-- .featured-image -->\n\t\t\n\t\t<div class=\"entry-wrapper\">\n\t\t\t<h2 class=\"entry-title\"><a href=\"https:\/\/worldangussecretariat.com\/es\/2024\/01\/08\/a-global-celebration-of-the-angus-family\/\" rel=\"bookmark\">Celebraci\u00f3n mundial de la familia Angus<\/a><\/h2>\t\t\t\t\t\t<p>La Reuni\u00f3n T\u00e9cnica Mundial del Angus re\u00fane a entusiastas de la raza de 32 pa\u00edses. La pasi\u00f3n por el Angus nunca fue m\u00e1s destacada que cuando la Rep\u00fablica Checa se convirti\u00f3 en el epicentro del mundo Angus del 8 al 15 de septiembre. La Reuni\u00f3n T\u00e9cnica Mundial sobre el Angus (WATM), organizada por la Asociaci\u00f3n\u2026<\/p>\n\t\t\t\t<div class=\"entry-meta\">\n\t\t\t\t\t<time class=\"entry-date published\" datetime=\"2024-01-08T11:48:55+13:00\">8 de enero de 2024<\/time><time class=\"updated\" datetime=\"2024-01-08T11:53:59+13:00\">8 de enero de 2024<\/time>\t\t\t\t<\/div><!-- .entry-meta -->\n\t\t\t\t\t<\/div><!-- .entry-wrapper -->\n\t<\/article>\n\n\t\t\n\t<article data-post-id=\"948\"\n\t\tclass=\"category-uncategorized-es type-post post-has-image\"\n\t\t\t\t>\n\t\t\t\t\t\t\t<figure class=\"post-thumbnail\">\n\t\t\t\t\t\t\t\t<a href=\"https:\/\/worldangussecretariat.com\/es\/2021\/09\/20\/puesto-de-prueba\/\" rel=\"bookmark\" tabindex=\"-1\" aria-hidden=\"true\">\n\t\t\t\t\t\t\t\t\t\t\t\t<img loading=\"lazy\" decoding=\"async\" width=\"1078\" height=\"723\" src=\"https:\/\/i0.wp.com\/worldangussecretariat.com\/wp-content\/uploads\/2021\/08\/Mexico7.jpg?fit=1078%2C723&amp;ssl=1\" class=\"attachment-newspack-article-block-uncropped size-newspack-article-block-uncropped wp-post-image\" alt=\"Puesto de prueba\" data-hero-candidate=\"1\" srcset=\"https:\/\/i0.wp.com\/worldangussecretariat.com\/wp-content\/uploads\/2021\/08\/Mexico7.jpg?w=1078&amp;ssl=1 1078w, https:\/\/i0.wp.com\/worldangussecretariat.com\/wp-content\/uploads\/2021\/08\/Mexico7.jpg?resize=300%2C201&amp;ssl=1 300w, https:\/\/i0.wp.com\/worldangussecretariat.com\/wp-content\/uploads\/2021\/08\/Mexico7.jpg?resize=1024%2C687&amp;ssl=1 1024w, https:\/\/i0.wp.com\/worldangussecretariat.com\/wp-content\/uploads\/2021\/08\/Mexico7.jpg?resize=768%2C515&amp;ssl=1 768w, https:\/\/i0.wp.com\/worldangussecretariat.com\/wp-content\/uploads\/2021\/08\/Mexico7.jpg?resize=640%2C429&amp;ssl=1 640w\" sizes=\"auto, (max-width: 760px) 100vw, 760px\" data-attachment-id=\"682\" data-permalink=\"https:\/\/worldangussecretariat.com\/es\/mexico7-2\/\" data-orig-file=\"https:\/\/i0.wp.com\/worldangussecretariat.com\/wp-content\/uploads\/2021\/08\/Mexico7.jpg?fit=1078%2C723&amp;ssl=1\" data-orig-size=\"1078,723\" data-comments-opened=\"1\" data-image-meta=\"{&quot;aperture&quot;:&quot;5.4&quot;,&quot;credit&quot;:&quot;&quot;,&quot;camera&quot;:&quot;DMC-TZ30&quot;,&quot;caption&quot;:&quot;&quot;,&quot;created_timestamp&quot;:&quot;1445151244&quot;,&quot;copyright&quot;:&quot;&quot;,&quot;focal_length&quot;:&quot;25.9&quot;,&quot;iso&quot;:&quot;100&quot;,&quot;shutter_speed&quot;:&quot;0.001&quot;,&quot;title&quot;:&quot;&quot;,&quot;orientation&quot;:&quot;1&quot;}\" data-image-title=\"Mexico7\" data-image-description=\"\" data-image-caption=\"\" data-medium-file=\"https:\/\/i0.wp.com\/worldangussecretariat.com\/wp-content\/uploads\/2021\/08\/Mexico7.jpg?fit=300%2C201&amp;ssl=1\" data-large-file=\"https:\/\/i0.wp.com\/worldangussecretariat.com\/wp-content\/uploads\/2021\/08\/Mexico7.jpg?fit=760%2C510&amp;ssl=1\" \/>\t\t\t\t\t\t\t\t\t\t\t\t<\/a>\n\t\t\t\t\n\t\t\t\t\t\t\t<\/figure><!-- .featured-image -->\n\t\t\n\t\t<div class=\"entry-wrapper\">\n\t\t\t<h2 class=\"entry-title\"><a href=\"https:\/\/worldangussecretariat.com\/es\/2021\/09\/20\/puesto-de-prueba\/\" rel=\"bookmark\">Puesto de prueba<\/a><\/h2>\t\t\t\t\t\t<p>No pierda el sue\u00f1o por problemas de personal, vacas enfermas o malos resultados de apareamiento. No pierda el sue\u00f1o por problemas de personal, vacas enfermas o malos resultados de apareamiento. No pierda el sue\u00f1o por problemas de personal, vacas enfermas o malos resultados de apareamiento.<\/p>\n\t\t\t\t<div class=\"entry-meta\">\n\t\t\t\t\t<time class=\"entry-date published\" datetime=\"2021-09-20T13:45:45+12:00\">20 de septiembre de 2021<\/time><time class=\"updated\" datetime=\"2021-09-20T13:45:46+12:00\">20 de septiembre de 2021<\/time>\t\t\t\t<\/div><!-- .entry-meta -->\n\t\t\t\t\t<\/div><!-- .entry-wrapper -->\n\t<\/article>\n\n\t\t\n\t<article data-post-id=\"666\"\n\t\tclass=\"category-foro-mundial-de-angus type-post post-has-image\"\n\t\t\t\t>\n\t\t\t\t\t\t\t<figure class=\"post-thumbnail\">\n\t\t\t\t\t\t\t\t<a href=\"https:\/\/worldangussecretariat.com\/es\/2021\/09\/01\/world-angus-forum-en-2021-pospuesto-debido-a-covid-19\/\" rel=\"bookmark\" tabindex=\"-1\" aria-hidden=\"true\">\n\t\t\t\t\t\t\t\t\t\t\t\t<img loading=\"lazy\" decoding=\"async\" width=\"1200\" height=\"552\" src=\"https:\/\/i0.wp.com\/worldangussecretariat.com\/wp-content\/uploads\/2021\/08\/Cancelled-WAFheader.jpg?fit=1200%2C552&amp;ssl=1\" class=\"attachment-newspack-article-block-uncropped size-newspack-article-block-uncropped wp-post-image\" alt=\"World Angus Forum en 2021 pospuesto debido a Covid-19\" data-hero-candidate=\"1\" srcset=\"https:\/\/i0.wp.com\/worldangussecretariat.com\/wp-content\/uploads\/2021\/08\/Cancelled-WAFheader.jpg?w=3216&amp;ssl=1 3216w, https:\/\/i0.wp.com\/worldangussecretariat.com\/wp-content\/uploads\/2021\/08\/Cancelled-WAFheader.jpg?resize=300%2C138&amp;ssl=1 300w, https:\/\/i0.wp.com\/worldangussecretariat.com\/wp-content\/uploads\/2021\/08\/Cancelled-WAFheader.jpg?resize=1024%2C471&amp;ssl=1 1024w, https:\/\/i0.wp.com\/worldangussecretariat.com\/wp-content\/uploads\/2021\/08\/Cancelled-WAFheader.jpg?resize=768%2C353&amp;ssl=1 768w, https:\/\/i0.wp.com\/worldangussecretariat.com\/wp-content\/uploads\/2021\/08\/Cancelled-WAFheader.jpg?resize=1536%2C707&amp;ssl=1 1536w, https:\/\/i0.wp.com\/worldangussecretariat.com\/wp-content\/uploads\/2021\/08\/Cancelled-WAFheader.jpg?resize=2048%2C942&amp;ssl=1 2048w, https:\/\/i0.wp.com\/worldangussecretariat.com\/wp-content\/uploads\/2021\/08\/Cancelled-WAFheader.jpg?resize=1200%2C552&amp;ssl=1 1200w, https:\/\/i0.wp.com\/worldangussecretariat.com\/wp-content\/uploads\/2021\/08\/Cancelled-WAFheader.jpg?resize=640%2C295&amp;ssl=1 640w, https:\/\/i0.wp.com\/worldangussecretariat.com\/wp-content\/uploads\/2021\/08\/Cancelled-WAFheader.jpg?w=2280&amp;ssl=1 2280w\" sizes=\"auto, (max-width: 760px) 100vw, 760px\" data-attachment-id=\"634\" data-permalink=\"https:\/\/worldangussecretariat.com\/es\/2021\/09\/01\/world-angus-forum-en-2021-pospuesto-debido-a-covid-19\/cancelled-wafheader-2\/\" data-orig-file=\"https:\/\/i0.wp.com\/worldangussecretariat.com\/wp-content\/uploads\/2021\/08\/Cancelled-WAFheader.jpg?fit=3216%2C1480&amp;ssl=1\" data-orig-size=\"3216,1480\" data-comments-opened=\"1\" data-image-meta=\"{&quot;aperture&quot;:&quot;0&quot;,&quot;credit&quot;:&quot;&quot;,&quot;camera&quot;:&quot;&quot;,&quot;caption&quot;:&quot;&quot;,&quot;created_timestamp&quot;:&quot;0&quot;,&quot;copyright&quot;:&quot;&quot;,&quot;focal_length&quot;:&quot;0&quot;,&quot;iso&quot;:&quot;0&quot;,&quot;shutter_speed&quot;:&quot;0&quot;,&quot;title&quot;:&quot;&quot;,&quot;orientation&quot;:&quot;1&quot;}\" data-image-title=\"Cancelled WAFheader\" data-image-description=\"\" data-image-caption=\"\" data-medium-file=\"https:\/\/i0.wp.com\/worldangussecretariat.com\/wp-content\/uploads\/2021\/08\/Cancelled-WAFheader.jpg?fit=300%2C138&amp;ssl=1\" data-large-file=\"https:\/\/i0.wp.com\/worldangussecretariat.com\/wp-content\/uploads\/2021\/08\/Cancelled-WAFheader.jpg?fit=760%2C350&amp;ssl=1\" \/>\t\t\t\t\t\t\t\t\t\t\t\t<\/a>\n\t\t\t\t\n\t\t\t\t\t\t\t<\/figure><!-- .featured-image -->\n\t\t\n\t\t<div class=\"entry-wrapper\">\n\t\t\t<h2 class=\"entry-title\"><a href=\"https:\/\/worldangussecretariat.com\/es\/2021\/09\/01\/world-angus-forum-en-2021-pospuesto-debido-a-covid-19\/\" rel=\"bookmark\">World Angus Forum en 2021 pospuesto debido a Covid-19<\/a><\/h2>\t\t\t\t\t\t<p>Lamentablemente, debido al impacto de la pandemia de COVID-19, el comit\u00e9 organizador del Foro Mundial Angus ha tomado la dif\u00edcil decisi\u00f3n de cancelar el Foro Mundial Angus, originalmente programado para abril de 2021.&#13; &#13; Al advertir la cancelaci\u00f3n, el presidente del comit\u00e9 organizador, Mark Gubbins, dijo que dada la incertidumbre sobre el momento de la\u2026<\/p>\n\t\t\t\t<div class=\"entry-meta\">\n\t\t\t\t\t<time class=\"entry-date published\" datetime=\"2021-09-01T22:59:51+12:00\">1 de septiembre de 2021<\/time><time class=\"updated\" datetime=\"2021-09-05T19:58:15+12:00\">5 de septiembre de 2021<\/time>\t\t\t\t<\/div><!-- .entry-meta -->\n\t\t\t\t\t<\/div><!-- .entry-wrapper -->\n\t<\/article>\n\n\t\t\n\t<article data-post-id=\"656\"\n\t\tclass=\"category-foro-mundial-de-angus category-reunion-tecnica-mundial-de-angus type-post post-has-image\"\n\t\t\t\t>\n\t\t\t\t\t\t\t<figure class=\"post-thumbnail\">\n\t\t\t\t\t\t\t\t<a href=\"https:\/\/worldangussecretariat.com\/es\/2021\/09\/01\/el-secretariado-mundial-de-angus-se-reune-por-zoom\/\" rel=\"bookmark\" tabindex=\"-1\" aria-hidden=\"true\">\n\t\t\t\t\t\t\t\t\t\t\t\t<img loading=\"lazy\" decoding=\"async\" width=\"1200\" height=\"675\" src=\"https:\/\/i0.wp.com\/worldangussecretariat.com\/wp-content\/uploads\/2021\/09\/zoomMEETING.jpg?fit=1200%2C675&amp;ssl=1\" class=\"attachment-newspack-article-block-uncropped size-newspack-article-block-uncropped wp-post-image\" alt=\"El Secretariado Mundial de Angus se re\u00fane por Zoom\" data-hero-candidate=\"1\" srcset=\"https:\/\/i0.wp.com\/worldangussecretariat.com\/wp-content\/uploads\/2021\/09\/zoomMEETING.jpg?w=2573&amp;ssl=1 2573w, https:\/\/i0.wp.com\/worldangussecretariat.com\/wp-content\/uploads\/2021\/09\/zoomMEETING.jpg?resize=300%2C169&amp;ssl=1 300w, https:\/\/i0.wp.com\/worldangussecretariat.com\/wp-content\/uploads\/2021\/09\/zoomMEETING.jpg?resize=1024%2C576&amp;ssl=1 1024w, https:\/\/i0.wp.com\/worldangussecretariat.com\/wp-content\/uploads\/2021\/09\/zoomMEETING.jpg?resize=768%2C432&amp;ssl=1 768w, https:\/\/i0.wp.com\/worldangussecretariat.com\/wp-content\/uploads\/2021\/09\/zoomMEETING.jpg?resize=1536%2C864&amp;ssl=1 1536w, https:\/\/i0.wp.com\/worldangussecretariat.com\/wp-content\/uploads\/2021\/09\/zoomMEETING.jpg?resize=2048%2C1153&amp;ssl=1 2048w, https:\/\/i0.wp.com\/worldangussecretariat.com\/wp-content\/uploads\/2021\/09\/zoomMEETING.jpg?resize=1200%2C675&amp;ssl=1 1200w, https:\/\/i0.wp.com\/worldangussecretariat.com\/wp-content\/uploads\/2021\/09\/zoomMEETING.jpg?resize=640%2C360&amp;ssl=1 640w, https:\/\/i0.wp.com\/worldangussecretariat.com\/wp-content\/uploads\/2021\/09\/zoomMEETING.jpg?w=2280&amp;ssl=1 2280w\" sizes=\"auto, (max-width: 760px) 100vw, 760px\" data-attachment-id=\"658\" data-permalink=\"https:\/\/worldangussecretariat.com\/es\/2021\/09\/01\/el-secretariado-mundial-de-angus-se-reune-por-zoom\/zoommeeting-2\/\" data-orig-file=\"https:\/\/i0.wp.com\/worldangussecretariat.com\/wp-content\/uploads\/2021\/09\/zoomMEETING.jpg?fit=2573%2C1448&amp;ssl=1\" data-orig-size=\"2573,1448\" data-comments-opened=\"1\" data-image-meta=\"{&quot;aperture&quot;:&quot;0&quot;,&quot;credit&quot;:&quot;&quot;,&quot;camera&quot;:&quot;&quot;,&quot;caption&quot;:&quot;&quot;,&quot;created_timestamp&quot;:&quot;0&quot;,&quot;copyright&quot;:&quot;&quot;,&quot;focal_length&quot;:&quot;0&quot;,&quot;iso&quot;:&quot;0&quot;,&quot;shutter_speed&quot;:&quot;0&quot;,&quot;title&quot;:&quot;&quot;,&quot;orientation&quot;:&quot;1&quot;}\" data-image-title=\"zoomMEETING\" data-image-description=\"\" data-image-caption=\"\" data-medium-file=\"https:\/\/i0.wp.com\/worldangussecretariat.com\/wp-content\/uploads\/2021\/09\/zoomMEETING.jpg?fit=300%2C169&amp;ssl=1\" data-large-file=\"https:\/\/i0.wp.com\/worldangussecretariat.com\/wp-content\/uploads\/2021\/09\/zoomMEETING.jpg?fit=760%2C428&amp;ssl=1\" \/>\t\t\t\t\t\t\t\t\t\t\t\t<\/a>\n\t\t\t\t\n\t\t\t\t\t\t\t<\/figure><!-- .featured-image -->\n\t\t\n\t\t<div class=\"entry-wrapper\">\n\t\t\t<h2 class=\"entry-title\"><a href=\"https:\/\/worldangussecretariat.com\/es\/2021\/09\/01\/el-secretariado-mundial-de-angus-se-reune-por-zoom\/\" rel=\"bookmark\">El Secretariado Mundial de Angus se re\u00fane por Zoom<\/a><\/h2>\t\t\t\t\t\t<p>Dado el lamentable estado en el que se encuentra el mundo durante 2021, frente a una pandemia global: COVID 19, el Foro Mundial Angus 2021 en Australia se pospuso.&#13; &#13; Peter Parnell, director ejecutivo de Angus Australia, era consciente de la conveniencia de que la Secretar\u00eda continuara con sus actividades e informara a los miembros\u2026<\/p>\n\t\t\t\t<div class=\"entry-meta\">\n\t\t\t\t\t<time class=\"entry-date published\" datetime=\"2021-09-01T22:54:01+12:00\">1 de septiembre de 2021<\/time><time class=\"updated\" datetime=\"2021-09-01T23:21:09+12:00\">1 de septiembre de 2021<\/time>\t\t\t\t<\/div><!-- .entry-meta -->\n\t\t\t\t\t<\/div><!-- .entry-wrapper -->\n\t<\/article>\n\n\t\t\t\t<\/div>\n\t\t\n\t<\/div>\n\t<\/div>\n<\/div>\n<\/div><\/div>\n\n<div style=\"height:100px\" aria-hidden=\"true\" class=\"wp-block-spacer\"><\/div>\n\n<div class=\"wp-block-group alignfull has-text-color has-background\" style=\"background-color:#f1f6e9;color:#000000\"><div class=\"wp-block-group__inner-container is-layout-flow wp-block-group-is-layout-flow\"><\/div><\/div>\r\n","protected":false},"excerpt":{"rendered":"<p>Las \u00faltimas noticias mundiales de Angus<\/p>\n","protected":false},"author":119894964,"featured_media":0,"parent":0,"menu_order":0,"comment_status":"closed","ping_status":"closed","template":"","meta":{"_coblocks_attr":"","_coblocks_dimensions":"","_coblocks_responsive_height":"","_coblocks_accordion_ie_support":"","_crdt_document":"","advanced_seo_description":"","jetpack_seo_html_title":"","jetpack_seo_noindex":false,"jetpack_post_was_ever_published":false,"footnotes":""},"class_list":["post-661","page","type-page","status-publish","hentry"],"jetpack_likes_enabled":false,"jetpack_sharing_enabled":true,"jetpack_shortlink":"https:\/\/wp.me\/PdiENx-aF","amp_enabled":true,"_links":{"self":[{"href":"https:\/\/worldangussecretariat.com\/es\/wp-json\/wp\/v2\/pages\/661","targetHints":{"allow":["GET"]}}],"collection":[{"href":"https:\/\/worldangussecretariat.com\/es\/wp-json\/wp\/v2\/pages"}],"about":[{"href":"https:\/\/worldangussecretariat.com\/es\/wp-json\/wp\/v2\/types\/page"}],"author":[{"embeddable":true,"href":"https:\/\/worldangussecretariat.com\/es\/wp-json\/wp\/v2\/users\/119894964"}],"replies":[{"embeddable":true,"href":"https:\/\/worldangussecretariat.com\/es\/wp-json\/wp\/v2\/comments?post=661"}],"version-history":[{"count":1,"href":"https:\/\/worldangussecretariat.com\/es\/wp-json\/wp\/v2\/pages\/661\/revisions"}],"predecessor-version":[{"id":662,"href":"https:\/\/worldangussecretariat.com\/es\/wp-json\/wp\/v2\/pages\/661\/revisions\/662"}],"wp:attachment":[{"href":"https:\/\/worldangussecretariat.com\/es\/wp-json\/wp\/v2\/media?parent=661"}],"curies":[{"name":"wp","href":"https:\/\/api.w.org\/{rel}","templated":true}]}}